{"id":7595,"date":"2021-02-08T13:36:51","date_gmt":"2021-02-08T13:36:51","guid":{"rendered":"http:\/\/www.lemanikgroup.com\/?page_id=7595"},"modified":"2026-02-16T11:33:05","modified_gmt":"2026-02-16T10:33:05","slug":"our-history","status":"publish","type":"page","link":"https:\/\/www.lemanikgroup.com\/it\/our-history\/","title":{"rendered":"La nostra storia"},"content":{"rendered":"<div data-elementor-type=\"wp-page\" data-elementor-id=\"7595\" class=\"elementor elementor-7595\" data-elementor-post-type=\"page\">\n\t\t\t\t\t\t<section class=\"elementor-section elementor-top-section elementor-element elementor-element-04fcf86 elementor-section-stretched elementor-section-full_width elementor-section-height-min-height elementor-section-height-default elementor-section-items-middle\" data-id=\"04fcf86\" data-element_type=\"section\" data-e-type=\"section\" data-settings=\"{&quot;stretch_section&quot;:&quot;section-stretched&quot;,&quot;background_background&quot;:&quot;classic&quot;}\">\n\t\t\t\t\t\t<div class=\"elementor-container elementor-column-gap-default\">\n\t\t\t\t\t<div class=\"elementor-column elementor-col-100 elementor-top-column elementor-element elementor-element-1389acc\" data-id=\"1389acc\" data-element_type=\"column\" data-e-type=\"column\" data-settings=\"{&quot;avante_ext_is_scrollme&quot;:&quot;false&quot;,&quot;avante_ext_is_smoove&quot;:&quot;false&quot;,&quot;avante_ext_is_parallax_mouse&quot;:&quot;false&quot;,&quot;avante_ext_is_infinite&quot;:&quot;false&quot;}\">\n\t\t\t<div class=\"elementor-widget-wrap elementor-element-populated\">\n\t\t\t\t\t\t<div class=\"elementor-element elementor-element-3269511 elementor-widget elementor-widget-heading\" data-id=\"3269511\" data-element_type=\"widget\" data-e-type=\"widget\" data-settings=\"{&quot;avante_ext_is_scrollme&quot;:&quot;false&quot;,&quot;avante_ext_is_smoove&quot;:&quot;false&quot;,&quot;avante_ext_is_parallax_mouse&quot;:&quot;false&quot;,&quot;avante_ext_is_infinite&quot;:&quot;false&quot;}\" data-widget_type=\"heading.default\">\n\t\t\t\t<div class=\"elementor-widget-container\">\n\t\t\t\t\t<h1 class=\"elementor-heading-title elementor-size-default\">La nostra storia<\/h1>\t\t\t\t<\/div>\n\t\t\t\t<\/div>\n\t\t\t\t<section class=\"elementor-section elementor-inner-section elementor-element elementor-element-6dafc63 elementor-section-full_width elementor-section-height-default elementor-section-height-default\" data-id=\"6dafc63\" data-element_type=\"section\" data-e-type=\"section\">\n\t\t\t\t\t\t<div class=\"elementor-container elementor-column-gap-default\">\n\t\t\t\t\t<div class=\"elementor-column elementor-col-50 elementor-inner-column elementor-element elementor-element-f2ab23a\" data-id=\"f2ab23a\" data-element_type=\"column\" data-e-type=\"column\" data-settings=\"{&quot;avante_ext_is_scrollme&quot;:&quot;false&quot;,&quot;avante_ext_is_smoove&quot;:&quot;false&quot;,&quot;avante_ext_is_parallax_mouse&quot;:&quot;false&quot;,&quot;avante_ext_is_infinite&quot;:&quot;false&quot;}\">\n\t\t\t<div class=\"elementor-widget-wrap elementor-element-populated\">\n\t\t\t\t\t\t\t<\/div>\n\t\t<\/div>\n\t\t\t\t<div class=\"elementor-column elementor-col-50 elementor-inner-column elementor-element elementor-element-b76cbe5\" data-id=\"b76cbe5\" data-element_type=\"column\" data-e-type=\"column\" data-settings=\"{&quot;avante_ext_is_scrollme&quot;:&quot;false&quot;,&quot;avante_ext_is_smoove&quot;:&quot;false&quot;,&quot;avante_ext_is_parallax_mouse&quot;:&quot;false&quot;,&quot;avante_ext_is_infinite&quot;:&quot;false&quot;}\">\n\t\t\t<div class=\"elementor-widget-wrap\">\n\t\t\t\t\t\t\t<\/div>\n\t\t<\/div>\n\t\t\t\t\t<\/div>\n\t\t<\/section>\n\t\t\t\t\t<\/div>\n\t\t<\/div>\n\t\t\t\t\t<\/div>\n\t\t<\/section>\n\t\t\t\t<section class=\"elementor-section elementor-top-section elementor-element elementor-element-cf45f82 elementor-section-stretched elementor-section-boxed elementor-section-height-default elementor-section-height-default\" data-id=\"cf45f82\" data-element_type=\"section\" data-e-type=\"section\" data-settings=\"{&quot;stretch_section&quot;:&quot;section-stretched&quot;}\">\n\t\t\t\t\t\t<div class=\"elementor-container elementor-column-gap-default\">\n\t\t\t\t\t<div class=\"elementor-column elementor-col-100 elementor-top-column elementor-element elementor-element-53fdb80\" data-id=\"53fdb80\" data-element_type=\"column\" data-e-type=\"column\" data-settings=\"{&quot;avante_ext_is_scrollme&quot;:&quot;false&quot;,&quot;avante_ext_is_smoove&quot;:&quot;false&quot;,&quot;avante_ext_is_parallax_mouse&quot;:&quot;false&quot;,&quot;avante_ext_is_infinite&quot;:&quot;false&quot;}\">\n\t\t\t<div class=\"elementor-widget-wrap elementor-element-populated\">\n\t\t\t\t\t\t<div class=\"elementor-element elementor-element-1d8a6a9 elementor-widget elementor-widget-heading\" data-id=\"1d8a6a9\" data-element_type=\"widget\" data-e-type=\"widget\" data-settings=\"{&quot;avante_ext_is_smoove&quot;:&quot;true&quot;,&quot;avante_ext_smoove_disable&quot;:&quot;769&quot;,&quot;avante_ext_smoove_duration&quot;:1000,&quot;avante_ext_smoove_rotatex&quot;:{&quot;unit&quot;:&quot;px&quot;,&quot;size&quot;:-90,&quot;sizes&quot;:[]},&quot;avante_ext_smoove_translatey&quot;:{&quot;unit&quot;:&quot;px&quot;,&quot;size&quot;:40,&quot;sizes&quot;:[]},&quot;avante_ext_smoove_scalex&quot;:{&quot;unit&quot;:&quot;px&quot;,&quot;size&quot;:1,&quot;sizes&quot;:[]},&quot;avante_ext_smoove_scaley&quot;:{&quot;unit&quot;:&quot;px&quot;,&quot;size&quot;:1,&quot;sizes&quot;:[]},&quot;avante_ext_smoove_rotatey&quot;:{&quot;unit&quot;:&quot;px&quot;,&quot;size&quot;:0,&quot;sizes&quot;:[]},&quot;avante_ext_smoove_rotatez&quot;:{&quot;unit&quot;:&quot;px&quot;,&quot;size&quot;:0,&quot;sizes&quot;:[]},&quot;avante_ext_smoove_translatex&quot;:{&quot;unit&quot;:&quot;px&quot;,&quot;size&quot;:0,&quot;sizes&quot;:[]},&quot;avante_ext_smoove_translatez&quot;:{&quot;unit&quot;:&quot;px&quot;,&quot;size&quot;:0,&quot;sizes&quot;:[]},&quot;avante_ext_smoove_skewx&quot;:{&quot;unit&quot;:&quot;px&quot;,&quot;size&quot;:0,&quot;sizes&quot;:[]},&quot;avante_ext_smoove_skewy&quot;:{&quot;unit&quot;:&quot;px&quot;,&quot;size&quot;:0,&quot;sizes&quot;:[]},&quot;avante_ext_smoove_perspective&quot;:{&quot;unit&quot;:&quot;px&quot;,&quot;size&quot;:1000,&quot;sizes&quot;:[]},&quot;avante_ext_is_parallax_mouse&quot;:&quot;false&quot;,&quot;avante_ext_is_infinite&quot;:&quot;false&quot;}\" data-widget_type=\"heading.default\">\n\t\t\t\t<div class=\"elementor-widget-container\">\n\t\t\t\t\t<h2 class=\"elementor-heading-title elementor-size-default\">Nel nome dell'indipendenza. Dal 1971<\/h2>\t\t\t\t<\/div>\n\t\t\t\t<\/div>\n\t\t\t\t<div class=\"elementor-element elementor-element-f43cccd elementor-widget elementor-widget-text-editor\" data-id=\"f43cccd\" data-element_type=\"widget\" data-e-type=\"widget\" data-settings=\"{&quot;avante_ext_is_scrollme&quot;:&quot;false&quot;,&quot;avante_ext_is_smoove&quot;:&quot;false&quot;,&quot;avante_ext_is_parallax_mouse&quot;:&quot;false&quot;,&quot;avante_ext_is_infinite&quot;:&quot;false&quot;}\" data-widget_type=\"text-editor.default\">\n\t\t\t\t<div class=\"elementor-widget-container\">\n\t\t\t\t\t\t\t\t\t<p>Fin dalla sua fondazione nel 1971, Lemanik \u00e8 sempre stata una Societ\u00e0 indipendente gestita da un gruppo stabile di soci, che ha permesso di mantenere l\u2019autonomia decisionale e di garantire un\u2019offerta incondizionata, che mette al primo posto gli interessi dei clienti.\u00a0<br \/><span style=\"font-size: 20px; word-spacing: 0.1em; letter-spacing: 0px;\">Il servizio accurato e su misura che offriamo \u00e8 arricchito dalla nostra capacit\u00e0 di innovare e generare valore concentrandoci sulle competenze chiave: questo ci consente di creare <b>rapporti di fiducia a lungo termine con i nostri clienti<\/b>.<\/span><\/p><div>\u00a0<\/div>\t\t\t\t\t\t\t\t<\/div>\n\t\t\t\t<\/div>\n\t\t\t\t<div class=\"elementor-element elementor-element-9ca0596 elementor-widget elementor-widget-heading\" data-id=\"9ca0596\" data-element_type=\"widget\" data-e-type=\"widget\" data-settings=\"{&quot;avante_ext_is_smoove&quot;:&quot;true&quot;,&quot;avante_ext_is_scrollme&quot;:&quot;false&quot;,&quot;avante_ext_smoove_disable&quot;:1,&quot;avante_ext_smoove_duration&quot;:400,&quot;avante_ext_smoove_scalex&quot;:{&quot;unit&quot;:&quot;px&quot;,&quot;size&quot;:1,&quot;sizes&quot;:[]},&quot;avante_ext_smoove_scaley&quot;:{&quot;unit&quot;:&quot;px&quot;,&quot;size&quot;:1,&quot;sizes&quot;:[]},&quot;avante_ext_smoove_rotatex&quot;:{&quot;unit&quot;:&quot;px&quot;,&quot;size&quot;:0,&quot;sizes&quot;:[]},&quot;avante_ext_smoove_rotatey&quot;:{&quot;unit&quot;:&quot;px&quot;,&quot;size&quot;:0,&quot;sizes&quot;:[]},&quot;avante_ext_smoove_rotatez&quot;:{&quot;unit&quot;:&quot;px&quot;,&quot;size&quot;:0,&quot;sizes&quot;:[]},&quot;avante_ext_smoove_translatex&quot;:{&quot;unit&quot;:&quot;px&quot;,&quot;size&quot;:0,&quot;sizes&quot;:[]},&quot;avante_ext_smoove_translatey&quot;:{&quot;unit&quot;:&quot;px&quot;,&quot;size&quot;:0,&quot;sizes&quot;:[]},&quot;avante_ext_smoove_translatez&quot;:{&quot;unit&quot;:&quot;px&quot;,&quot;size&quot;:0,&quot;sizes&quot;:[]},&quot;avante_ext_smoove_skewx&quot;:{&quot;unit&quot;:&quot;px&quot;,&quot;size&quot;:0,&quot;sizes&quot;:[]},&quot;avante_ext_smoove_skewy&quot;:{&quot;unit&quot;:&quot;px&quot;,&quot;size&quot;:0,&quot;sizes&quot;:[]},&quot;avante_ext_smoove_perspective&quot;:{&quot;unit&quot;:&quot;px&quot;,&quot;size&quot;:1000,&quot;sizes&quot;:[]},&quot;avante_ext_is_parallax_mouse&quot;:&quot;false&quot;,&quot;avante_ext_is_infinite&quot;:&quot;false&quot;}\" data-widget_type=\"heading.default\">\n\t\t\t\t<div class=\"elementor-widget-container\">\n\t\t\t\t\t<h2 class=\"elementor-heading-title elementor-size-default\">La nostra Timeline<\/h2>\t\t\t\t<\/div>\n\t\t\t\t<\/div>\n\t\t\t\t\t<\/div>\n\t\t<\/div>\n\t\t\t\t\t<\/div>\n\t\t<\/section>\n\t\t\t\t<section class=\"elementor-section elementor-top-section elementor-element elementor-element-be8c763 elementor-section-stretched elementor-section-boxed elementor-section-height-default elementor-section-height-default\" data-id=\"be8c763\" data-element_type=\"section\" data-e-type=\"section\" id=\"lemanik_timeline\" data-settings=\"{&quot;stretch_section&quot;:&quot;section-stretched&quot;}\">\n\t\t\t\t\t\t<div class=\"elementor-container elementor-column-gap-default\">\n\t\t\t\t\t<div class=\"elementor-column elementor-col-100 elementor-top-column elementor-element elementor-element-aba1e7c\" data-id=\"aba1e7c\" data-element_type=\"column\" data-e-type=\"column\" data-settings=\"{&quot;avante_ext_is_scrollme&quot;:&quot;false&quot;,&quot;avante_ext_is_smoove&quot;:&quot;false&quot;,&quot;avante_ext_is_parallax_mouse&quot;:&quot;false&quot;,&quot;avante_ext_is_infinite&quot;:&quot;false&quot;}\">\n\t\t\t<div class=\"elementor-widget-wrap elementor-element-populated\">\n\t\t\t\t\t\t<div class=\"elementor-element elementor-element-282c6d7 lemanik_story elementor-widget elementor-widget-avante-portfolio-timeline\" data-id=\"282c6d7\" data-element_type=\"widget\" data-e-type=\"widget\" data-settings=\"{&quot;avante_ext_is_scrollme&quot;:&quot;false&quot;,&quot;avante_ext_is_smoove&quot;:&quot;false&quot;,&quot;avante_ext_is_parallax_mouse&quot;:&quot;false&quot;,&quot;avante_ext_is_infinite&quot;:&quot;false&quot;}\" data-widget_type=\"avante-portfolio-timeline.default\">\n\t\t\t\t<div class=\"elementor-widget-container\">\n\t\t\t\t\t<div class=\"portfolio-timeline-wrapper cd-horizontal-timeline\" data-spacing=\"90\">\n\t<div class=\"timeline\">\n\t\t<div class=\"events-wrapper\">\n\t\t\t<div class=\"events\">\n\t\t\t\t<ol>\n\t\t\t\t\t\t\t\t\t\t<li><a href=\"#0\" data-date=\"01\/01\/1971\" class=\"selected\">1971<\/a><\/li>\n\t\t\t\t\t\t\t\t\t\t<li><a href=\"#0\" data-date=\"01\/01\/1972\" >1972<\/a><\/li>\n\t\t\t\t\t\t\t\t\t\t<li><a href=\"#0\" data-date=\"01\/01\/1973\" >1973<\/a><\/li>\n\t\t\t\t\t\t\t\t\t\t<li><a href=\"#0\" data-date=\"01\/01\/1974\" >1974<\/a><\/li>\n\t\t\t\t\t\t\t\t\t\t<li><a href=\"#0\" data-date=\"01\/01\/1975\" >1975<\/a><\/li>\n\t\t\t\t\t\t\t\t\t\t<li><a href=\"#0\" data-date=\"01\/01\/1976\" >1976<\/a><\/li>\n\t\t\t\t\t\t\t\t\t\t<li><a href=\"#0\" data-date=\"01\/01\/1977\" >1977<\/a><\/li>\n\t\t\t\t\t\t\t\t\t\t<li><a href=\"#0\" data-date=\"01\/01\/1978\" >1978<\/a><\/li>\n\t\t\t\t\t\t\t\t\t\t<li><a href=\"#0\" data-date=\"01\/01\/1979\" >1979<\/a><\/li>\n\t\t\t\t\t\t\t\t\t\t<li><a href=\"#0\" data-date=\"02\/01\/1980\" >1980<\/a><\/li>\n\t\t\t\t\t\t\t\t\t\t<li><a href=\"#0\" data-date=\"01\/01\/1981\" >1981<\/a><\/li>\n\t\t\t\t\t\t\t\t\t\t<li><a href=\"#0\" data-date=\"01\/01\/1982\" >1982<\/a><\/li>\n\t\t\t\t\t\t\t\t\t<\/ol>\n\n\t\t\t\t<span class=\"filling-line\" aria-hidden=\"true\"><\/span>\n\t\t\t<\/div> <!-- .events -->\n\t\t<\/div> <!-- .events-wrapper -->\n\t\t\t\n\t\t<ul class=\"cd-timeline-navigation\">\n\t\t\t<li><a href=\"#0\" class=\"prev inactive\"><\/a><\/li>\n\t\t\t<li><a href=\"#0\" class=\"next\"><\/a><\/li>\n\t\t<\/ul> <!-- .cd-timeline-navigation -->\n\t<\/div> <!-- .timeline -->\n\t\n\t<div class=\"events-content\">\n\t\t<ol>\n\t\t\t<li class=\"selected\" data-date=\"01\/01\/1971\">\n\t\t\t\t<div class=\"portfolio-timeline-content-wrapper\">\n\t\t\t\t\t\t\t\t\t<div class=\"portfolio-timeline-img\">\n\t\t\t\t\t\t<img decoding=\"async\" src=\"https:\/\/www.lemanikgroup.com\/wp-content\/uploads\/2021\/12\/losanna.jpeg\" alt=\"\" \/>\n\t\t\t\t\t<\/div>\n\t\t\t\t\t\t\t\t\t<div class=\"portfolio-timeline-content one_third\">\n\t\t\t\t\t\t\t\t\t\t\t\t\t<h2>Viene fondata Lemanik SA<\/h2>\n\t\t\t\t\t\t\t\t\t\t\t\t\t\t\t\t\t\t\t<em>1971<\/em>\n\t\t\t\t\t\t\t\t\t\t\t\t\t\t\t\t\t\t\t<div class=\"events-content-desc\"><p>Viene fondata a Losanna in Svizzera Lemanik SA, Societ\u00e0 finanziaria indipendente specializzata in servizi di gestione patrimoniale per clienti privati.<\/p><\/div>\n\t\t\t\t\t\t\t\t\t\t\t\t\t<div class=\"post-button-wrapper\">\n\t\t\t\t\t\t\t    <a class=\"continue-reading portfolio-timeline-link\" href=\"\"  ><span><\/span><\/a>\n\t\t\t\t\t\t\t<\/div>\n\t\t\t\t\t<\/div>\n\t\t\t<\/div>\n\t\t\t<\/li>\n\t\t\t<li  data-date=\"01\/01\/1972\">\n\t\t\t\t<div class=\"portfolio-timeline-content-wrapper\">\n\t\t\t\t\t\t\t\t\t<div class=\"portfolio-timeline-img\">\n\t\t\t\t\t\t<img decoding=\"async\" src=\"https:\/\/www.lemanikgroup.com\/wp-content\/uploads\/2021\/12\/lugano-1024x768.jpeg\" alt=\"\" \/>\n\t\t\t\t\t<\/div>\n\t\t\t\t\t\t\t\t\t<div class=\"portfolio-timeline-content one_third\">\n\t\t\t\t\t\t\t\t\t\t\t\t\t<h2>Lemanik trasferisce la propria sede a Lugano.<\/h2>\n\t\t\t\t\t\t\t\t\t\t\t\t\t\t\t\t\t\t\t<em>1993<\/em>\n\t\t\t\t\t\t\t\t\t\t\t\t\t\t\t\t\t\t\t<div class=\"events-content-desc\"><p>Lemanik trasferisce la sua sede nel Canton Ticino, a Lugano. Lemanik crea la sua prima Sicav multicomparto di diritto lussemburghese, in partnership con Kredietbank Luxembourg, per offrire comparti di investimento con caratteristiche di gestione differenziate.<\/p><\/div>\n\t\t\t\t\t\t\t\t\t\t\t\t\t<div class=\"post-button-wrapper\">\n\t\t\t\t\t\t\t    <a class=\"continue-reading portfolio-timeline-link\" href=\"\"  >View Project<span><\/span><\/a>\n\t\t\t\t\t\t\t<\/div>\n\t\t\t\t\t<\/div>\n\t\t\t<\/div>\n\t\t\t<\/li>\n\t\t\t<li  data-date=\"01\/01\/1973\">\n\t\t\t\t<div class=\"portfolio-timeline-content-wrapper\">\n\t\t\t\t\t\t\t\t\t<div class=\"portfolio-timeline-img\">\n\t\t\t\t\t\t<img decoding=\"async\" src=\"https:\/\/www.lemanikgroup.com\/wp-content\/uploads\/2021\/12\/lux-1024x768.jpeg\" alt=\"\" \/>\n\t\t\t\t\t<\/div>\n\t\t\t\t\t\t\t\t\t<div class=\"portfolio-timeline-content one_third\">\n\t\t\t\t\t\t\t\t\t\t\t\t\t<h2>Fondazione di Lemanik Asset Management SA<\/h2>\n\t\t\t\t\t\t\t\t\t\t\t\t\t\t\t\t\t\t\t<em>2006<\/em>\n\t\t\t\t\t\t\t\t\t\t\t\t\t\t\t\t\t\t\t<div class=\"events-content-desc\"><p>Viene costituita in Lussemburgo Lemanik Asset Management SA, Societ\u00e0 di gestione di fondi di investimento collettivo di diritto lussemburghese<\/p><\/div>\n\t\t\t\t\t\t\t\t\t\t\t\t\t<div class=\"post-button-wrapper\">\n\t\t\t\t\t\t\t    <a class=\"continue-reading portfolio-timeline-link\" href=\"\"  >View Project<span><\/span><\/a>\n\t\t\t\t\t\t\t<\/div>\n\t\t\t\t\t<\/div>\n\t\t\t<\/div>\n\t\t\t<\/li>\n\t\t\t<li  data-date=\"01\/01\/1974\">\n\t\t\t\t<div class=\"portfolio-timeline-content-wrapper\">\n\t\t\t\t\t\t\t\t\t<div class=\"portfolio-timeline-img\">\n\t\t\t\t\t\t<img decoding=\"async\" src=\"https:\/\/www.lemanikgroup.com\/wp-content\/uploads\/2021\/12\/cssf-1024x683.jpeg\" alt=\"\" \/>\n\t\t\t\t\t<\/div>\n\t\t\t\t\t\t\t\t\t<div class=\"portfolio-timeline-content one_third\">\n\t\t\t\t\t\t\t\t\t\t\t\t\t<h2>Approvazione della CSSF per agire come ManCo per conto terzi<\/h2>\n\t\t\t\t\t\t\t\t\t\t\t\t\t\t\t\t\t\t\t<em>2008<\/em>\n\t\t\t\t\t\t\t\t\t\t\t\t\t\t\t\t\t\t\t<div class=\"events-content-desc\"><p>Lemanik Asset Management SA ottiene l'autorizzazione dalla Autorit\u00e0 lussemburghese, CSSF (Commission de Surveillance du Secteur Financier), ad operare come Management Company per conto terzi.<\/p><\/div>\n\t\t\t\t\t\t\t\t\t\t\t\t\t<div class=\"post-button-wrapper\">\n\t\t\t\t\t\t\t    <a class=\"continue-reading portfolio-timeline-link\" href=\"\"  >View Project<span><\/span><\/a>\n\t\t\t\t\t\t\t<\/div>\n\t\t\t\t\t<\/div>\n\t\t\t<\/div>\n\t\t\t<\/li>\n\t\t\t<li  data-date=\"01\/01\/1975\">\n\t\t\t\t<div class=\"portfolio-timeline-content-wrapper\">\n\t\t\t\t\t\t\t\t\t<div class=\"portfolio-timeline-img\">\n\t\t\t\t\t\t<img decoding=\"async\" src=\"https:\/\/www.lemanikgroup.com\/wp-content\/uploads\/2021\/12\/supermanco-1024x683.jpeg\" alt=\"\" \/>\n\t\t\t\t\t<\/div>\n\t\t\t\t\t\t\t\t\t<div class=\"portfolio-timeline-content one_third\">\n\t\t\t\t\t\t\t\t\t\t\t\t\t<h2>Lemanik viene riconosciuta come 'Super Manco' autorizzata a gestire UCITS e AIFs<\/h2>\n\t\t\t\t\t\t\t\t\t\t\t\t\t\t\t\t\t\t\t<em>2014<\/em>\n\t\t\t\t\t\t\t\t\t\t\t\t\t\t\t\t\t\t\t<div class=\"events-content-desc\"><p>Lemanik Asset Management SA viene approvata come \u2018SuperManco\u2019 dalla CSSF e autorizzata a gestire fondi di investimento alternativi (AIF) e fondi di investimento collettivo ai sensi del diritto europeo, in conformit\u00e0 con le direttive UCITS.<\/p><\/div>\n\t\t\t\t\t\t\t\t\t\t\t\t\t<div class=\"post-button-wrapper\">\n\t\t\t\t\t\t\t    <a class=\"continue-reading portfolio-timeline-link\" href=\"\"  >View Project<span><\/span><\/a>\n\t\t\t\t\t\t\t<\/div>\n\t\t\t\t\t<\/div>\n\t\t\t<\/div>\n\t\t\t<\/li>\n\t\t\t<li  data-date=\"01\/01\/1976\">\n\t\t\t\t<div class=\"portfolio-timeline-content-wrapper\">\n\t\t\t\t\t\t\t\t\t<div class=\"portfolio-timeline-img\">\n\t\t\t\t\t\t<img decoding=\"async\" src=\"https:\/\/www.lemanikgroup.com\/wp-content\/uploads\/2021\/12\/dublin-1024x768.jpeg\" alt=\"\" \/>\n\t\t\t\t\t<\/div>\n\t\t\t\t\t\t\t\t\t<div class=\"portfolio-timeline-content one_third\">\n\t\t\t\t\t\t\t\t\t\t\t\t\t<h2>Apertura della branch Lemanik di Dublino<\/h2>\n\t\t\t\t\t\t\t\t\t\t\t\t\t\t\t\t\t\t\t<em>2015<\/em>\n\t\t\t\t\t\t\t\t\t\t\t\t\t\t\t\t\t\t\t<div class=\"events-content-desc\"><p>Lemanik Asset Management SA apre la sua filiale a Dublino, approvata dalla Banca Centrale d'Irlanda (CBI)<\/p><\/div>\n\t\t\t\t\t\t\t\t\t\t\t\t\t<div class=\"post-button-wrapper\">\n\t\t\t\t\t\t\t    <a class=\"continue-reading portfolio-timeline-link\" href=\"\"  >View Project<span><\/span><\/a>\n\t\t\t\t\t\t\t<\/div>\n\t\t\t\t\t<\/div>\n\t\t\t<\/div>\n\t\t\t<\/li>\n\t\t\t<li  data-date=\"01\/01\/1977\">\n\t\t\t\t<div class=\"portfolio-timeline-content-wrapper\">\n\t\t\t\t\t\t\t\t\t<div class=\"portfolio-timeline-img\">\n\t\t\t\t\t\t<img decoding=\"async\" src=\"https:\/\/www.lemanikgroup.com\/wp-content\/uploads\/2021\/12\/milan-1024x683.jpeg\" alt=\"\" \/>\n\t\t\t\t\t<\/div>\n\t\t\t\t\t\t\t\t\t<div class=\"portfolio-timeline-content one_third\">\n\t\t\t\t\t\t\t\t\t\t\t\t\t<h2>Apertura della branch Lemanik di Milano<\/h2>\n\t\t\t\t\t\t\t\t\t\t\t\t\t\t\t\t\t\t\t<em>2017<\/em>\n\t\t\t\t\t\t\t\t\t\t\t\t\t\t\t\t\t\t\t<div class=\"events-content-desc\"><p>Lemanik Asset Management SA apre la sua prima filiale operativa in Italia, a Milano, per la distribuzione dei comparti di Lemanik Sicav.<\/p><\/div>\n\t\t\t\t\t\t\t\t\t\t\t\t\t<div class=\"post-button-wrapper\">\n\t\t\t\t\t\t\t    <a class=\"continue-reading portfolio-timeline-link\" href=\"\"  >View Project<span><\/span><\/a>\n\t\t\t\t\t\t\t<\/div>\n\t\t\t\t\t<\/div>\n\t\t\t<\/div>\n\t\t\t<\/li>\n\t\t\t<li  data-date=\"01\/01\/1978\">\n\t\t\t\t<div class=\"portfolio-timeline-content-wrapper\">\n\t\t\t\t\t\t\t\t\t<div class=\"portfolio-timeline-img\">\n\t\t\t\t\t\t<img decoding=\"async\" src=\"https:\/\/www.lemanikgroup.com\/wp-content\/uploads\/2021\/12\/HK-1024x768.jpeg\" alt=\"\" \/>\n\t\t\t\t\t<\/div>\n\t\t\t\t\t\t\t\t\t<div class=\"portfolio-timeline-content one_third\">\n\t\t\t\t\t\t\t\t\t\t\t\t\t<h2>Apertura dell'ufficio di rappresentanza a Hong Kong<\/h2>\n\t\t\t\t\t\t\t\t\t\t\t\t\t\t\t\t\t\t\t<em>2018<\/em>\n\t\t\t\t\t\t\t\t\t\t\t\t\t\t\t\t\t\t\t<div class=\"events-content-desc\"><p>Lemanik Asset Management SA apre il proprio ufficio di rappresentanza a Hong Kong.<\/p><\/div>\n\t\t\t\t\t\t\t\t\t\t\t\t\t<div class=\"post-button-wrapper\">\n\t\t\t\t\t\t\t    <a class=\"continue-reading portfolio-timeline-link\" href=\"\"  >View Project<span><\/span><\/a>\n\t\t\t\t\t\t\t<\/div>\n\t\t\t\t\t<\/div>\n\t\t\t<\/div>\n\t\t\t<\/li>\n\t\t\t<li  data-date=\"01\/01\/1979\">\n\t\t\t\t<div class=\"portfolio-timeline-content-wrapper\">\n\t\t\t\t\t\t\t\t\t<div class=\"portfolio-timeline-img\">\n\t\t\t\t\t\t<img decoding=\"async\" src=\"https:\/\/www.lemanikgroup.com\/wp-content\/uploads\/2021\/12\/Excellence-comes.jpg\" alt=\"\" \/>\n\t\t\t\t\t<\/div>\n\t\t\t\t\t\t\t\t\t<div class=\"portfolio-timeline-content one_third\">\n\t\t\t\t\t\t\t\t\t\t\t\t\t<h2>30 miliardi di Euro in gestione<\/h2>\n\t\t\t\t\t\t\t\t\t\t\t\t\t\t\t\t\t\t\t<em>2019<\/em>\n\t\t\t\t\t\t\t\t\t\t\t\t\t\t\t\t\t\t\t<div class=\"events-content-desc\"><p>Il Gruppo Lemanik raggiunge i 30 miliardi di Euro di asset in gestione<\/p><\/div>\n\t\t\t\t\t\t\t\t\t\t\t\t\t<div class=\"post-button-wrapper\">\n\t\t\t\t\t\t\t    <a class=\"continue-reading portfolio-timeline-link\" href=\"\"  >View Project<span><\/span><\/a>\n\t\t\t\t\t\t\t<\/div>\n\t\t\t\t\t<\/div>\n\t\t\t<\/div>\n\t\t\t<\/li>\n\t\t\t<li  data-date=\"02\/01\/1980\">\n\t\t\t\t<div class=\"portfolio-timeline-content-wrapper\">\n\t\t\t\t\t\t\t\t\t<div class=\"portfolio-timeline-img\">\n\t\t\t\t\t\t<img decoding=\"async\" src=\"https:\/\/www.lemanikgroup.com\/wp-content\/uploads\/2021\/12\/zurich-1024x682.jpeg\" alt=\"\" \/>\n\t\t\t\t\t<\/div>\n\t\t\t\t\t\t\t\t\t<div class=\"portfolio-timeline-content one_third\">\n\t\t\t\t\t\t\t\t\t\t\t\t\t<h2>Apertura della sede di Zurigo<\/h2>\n\t\t\t\t\t\t\t\t\t\t\t\t\t\t\t\t\t\t\t<em>2020<\/em>\n\t\t\t\t\t\t\t\t\t\t\t\t\t\t\t\t\t\t\t<div class=\"events-content-desc\"><p>Lemanik Invest SA apre un proprio ufficio di rappresentanza a Zurigo.<\/p><\/div>\n\t\t\t\t\t\t\t\t\t\t\t\t\t<div class=\"post-button-wrapper\">\n\t\t\t\t\t\t\t    <a class=\"continue-reading portfolio-timeline-link\" href=\"\"  >View Project<span><\/span><\/a>\n\t\t\t\t\t\t\t<\/div>\n\t\t\t\t\t<\/div>\n\t\t\t<\/div>\n\t\t\t<\/li>\n\t\t\t<li  data-date=\"01\/01\/1981\">\n\t\t\t\t<div class=\"portfolio-timeline-content-wrapper\">\n\t\t\t\t\t\t\t\t\t<div class=\"portfolio-timeline-img\">\n\t\t\t\t\t\t<img decoding=\"async\" src=\"https:\/\/www.lemanikgroup.com\/wp-content\/uploads\/2022\/03\/geran-de-klerk-WJkc3xZjSXw-unsplash.jpg\" alt=\"\" \/>\n\t\t\t\t\t<\/div>\n\t\t\t\t\t\t\t\t\t<div class=\"portfolio-timeline-content one_third\">\n\t\t\t\t\t\t\t\t\t\t\t\t\t<h2>Sostenibilit\u00e0<\/h2>\n\t\t\t\t\t\t\t\t\t\t\t\t\t\t\t\t\t\t\t<em>2021<\/em>\n\t\t\t\t\t\t\t\t\t\t\t\t\t\t\t\t\t\t\t<div class=\"events-content-desc\"><p>Integrazione dei rischi per la sostenibilit\u00e0 nel nostro processo di gestione del rischio<\/p><\/div>\n\t\t\t\t\t\t\t\t\t\t\t\t\t<div class=\"post-button-wrapper\">\n\t\t\t\t\t\t\t    <a class=\"continue-reading portfolio-timeline-link\" href=\"\"  >View Project<span><\/span><\/a>\n\t\t\t\t\t\t\t<\/div>\n\t\t\t\t\t<\/div>\n\t\t\t<\/div>\n\t\t\t<\/li>\n\t\t\t<li  data-date=\"01\/01\/1982\">\n\t\t\t\t<div class=\"portfolio-timeline-content-wrapper\">\n\t\t\t\t\t\t\t\t\t<div class=\"portfolio-timeline-img\">\n\t\t\t\t\t\t<img decoding=\"async\" src=\"https:\/\/www.lemanikgroup.com\/wp-content\/uploads\/2023\/07\/alexandr-hovhannisyan-BBigUtobEYo-unsplash-e1689784453177-768x1024.jpg\" alt=\"\" \/>\n\t\t\t\t\t<\/div>\n\t\t\t\t\t\t\t\t\t<div class=\"portfolio-timeline-content one_third\">\n\t\t\t\t\t\t\t\t\t\t\t\t\t<h2>Costituzione di Lemanik SIM S.p.A.<\/h2>\n\t\t\t\t\t\t\t\t\t\t\t\t\t\t\t\t\t\t\t<em>2023<\/em>\n\t\t\t\t\t\t\t\t\t\t\t\t\t\t\t\t\t\t\t<div class=\"events-content-desc\"><p>Lemanik SIM S.p.A. \u00e8 la nuova Societ\u00e0 italiana del Gruppo ed \u00e8 il distributore dei fondi Lemanik Sicav in UE.<\/p><\/div>\n\t\t\t\t\t\t\t\t\t\t\t\t\t<div class=\"post-button-wrapper\">\n\t\t\t\t\t\t\t    <a class=\"continue-reading portfolio-timeline-link\" href=\"\"  >View Project<span><\/span><\/a>\n\t\t\t\t\t\t\t<\/div>\n\t\t\t\t\t<\/div>\n\t\t\t<\/div>\n\t\t\t<\/li>\n\t\t<\/ol>\n\t<\/div>\n<\/div>\n\t\t\t\t<\/div>\n\t\t\t\t<\/div>\n\t\t\t\t\t<\/div>\n\t\t<\/div>\n\t\t\t\t\t<\/div>\n\t\t<\/section>\n\t\t\t\t<\/div>","protected":false},"excerpt":{"rendered":"<p>Our History In the name of independence. Since 1971 Since its founding in 1971, Lemanik has always been an independent [&hellip;]<\/p>\n","protected":false},"author":1,"featured_media":0,"parent":0,"menu_order":0,"comment_status":"closed","ping_status":"closed","template":"","meta":{"footnotes":""},"class_list":["post-7595","page","type-page","status-publish","hentry"],"_links":{"self":[{"href":"https:\/\/www.lemanikgroup.com\/it\/wp-json\/wp\/v2\/pages\/7595","targetHints":{"allow":["GET"]}}],"collection":[{"href":"https:\/\/www.lemanikgroup.com\/it\/wp-json\/wp\/v2\/pages"}],"about":[{"href":"https:\/\/www.lemanikgroup.com\/it\/wp-json\/wp\/v2\/types\/page"}],"author":[{"embeddable":true,"href":"https:\/\/www.lemanikgroup.com\/it\/wp-json\/wp\/v2\/users\/1"}],"replies":[{"embeddable":true,"href":"https:\/\/www.lemanikgroup.com\/it\/wp-json\/wp\/v2\/comments?post=7595"}],"version-history":[{"count":451,"href":"https:\/\/www.lemanikgroup.com\/it\/wp-json\/wp\/v2\/pages\/7595\/revisions"}],"predecessor-version":[{"id":19352,"href":"https:\/\/www.lemanikgroup.com\/it\/wp-json\/wp\/v2\/pages\/7595\/revisions\/19352"}],"wp:attachment":[{"href":"https:\/\/www.lemanikgroup.com\/it\/wp-json\/wp\/v2\/media?parent=7595"}],"curies":[{"name":"wp","href":"https:\/\/api.w.org\/{rel}","templated":true}]}}