{"id":19111,"date":"2025-05-21T15:39:15","date_gmt":"2025-05-21T13:39:15","guid":{"rendered":"https:\/\/www.lemanikgroup.com\/?page_id=19111"},"modified":"2026-04-09T15:29:42","modified_gmt":"2026-04-09T13:29:42","slug":"lemaniksim","status":"publish","type":"page","link":"https:\/\/www.lemanikgroup.com\/it\/lemaniksim\/","title":{"rendered":"Lemanik Sim"},"content":{"rendered":"<div data-elementor-type=\"wp-page\" data-elementor-id=\"19111\" class=\"elementor elementor-19111\" data-elementor-post-type=\"page\">\n\t\t\t\t\t\t<section class=\"elementor-section elementor-top-section elementor-element elementor-element-beba06b elementor-section-stretched elementor-section-full_width elementor-section-height-min-height elementor-section-height-default elementor-section-items-middle\" data-id=\"beba06b\" data-element_type=\"section\" data-e-type=\"section\" data-settings=\"{&quot;stretch_section&quot;:&quot;section-stretched&quot;,&quot;background_background&quot;:&quot;classic&quot;}\">\n\t\t\t\t\t\t<div class=\"elementor-container elementor-column-gap-default\">\n\t\t\t\t\t<div class=\"elementor-column elementor-col-100 elementor-top-column elementor-element elementor-element-e385eec\" data-id=\"e385eec\" data-element_type=\"column\" data-e-type=\"column\" data-settings=\"{&quot;avante_ext_is_scrollme&quot;:&quot;false&quot;,&quot;avante_ext_is_smoove&quot;:&quot;false&quot;,&quot;avante_ext_is_parallax_mouse&quot;:&quot;false&quot;,&quot;avante_ext_is_infinite&quot;:&quot;false&quot;}\">\n\t\t\t<div class=\"elementor-widget-wrap elementor-element-populated\">\n\t\t\t\t\t\t<div class=\"elementor-element elementor-element-d838ef0 elementor-widget elementor-widget-heading\" data-id=\"d838ef0\" data-element_type=\"widget\" data-e-type=\"widget\" data-settings=\"{&quot;avante_ext_is_scrollme&quot;:&quot;false&quot;,&quot;avante_ext_is_smoove&quot;:&quot;false&quot;,&quot;avante_ext_is_parallax_mouse&quot;:&quot;false&quot;,&quot;avante_ext_is_infinite&quot;:&quot;false&quot;}\" data-widget_type=\"heading.default\">\n\t\t\t\t<div class=\"elementor-widget-container\">\n\t\t\t\t\t<h1 class=\"elementor-heading-title elementor-size-default\">Lemanik SIM S.p.A<\/h1>\t\t\t\t<\/div>\n\t\t\t\t<\/div>\n\t\t\t\t<section class=\"elementor-section elementor-inner-section elementor-element elementor-element-e0bf21b elementor-section-full_width elementor-section-height-default elementor-section-height-default\" data-id=\"e0bf21b\" data-element_type=\"section\" data-e-type=\"section\">\n\t\t\t\t\t\t<div class=\"elementor-container elementor-column-gap-default\">\n\t\t\t\t\t<div class=\"elementor-column elementor-col-100 elementor-inner-column elementor-element elementor-element-9b4b534\" data-id=\"9b4b534\" data-element_type=\"column\" data-e-type=\"column\" data-settings=\"{&quot;avante_ext_is_scrollme&quot;:&quot;false&quot;,&quot;avante_ext_is_smoove&quot;:&quot;false&quot;,&quot;avante_ext_is_parallax_mouse&quot;:&quot;false&quot;,&quot;avante_ext_is_infinite&quot;:&quot;false&quot;}\">\n\t\t\t<div class=\"elementor-widget-wrap elementor-element-populated\">\n\t\t\t\t\t\t<div class=\"elementor-element elementor-element-7f35920 elementor-widget elementor-widget-text-editor\" data-id=\"7f35920\" data-element_type=\"widget\" data-e-type=\"widget\" data-settings=\"{&quot;avante_ext_is_scrollme&quot;:&quot;false&quot;,&quot;avante_ext_is_smoove&quot;:&quot;false&quot;,&quot;avante_ext_is_parallax_mouse&quot;:&quot;false&quot;,&quot;avante_ext_is_infinite&quot;:&quot;false&quot;}\" data-widget_type=\"text-editor.default\">\n\t\t\t\t<div class=\"elementor-widget-container\">\n\t\t\t\t\t\t\t\t\tL\u2019instancabile ricerca dell\u2019eccellenza per soluzioni di investimento. Scopri qui il Consiglio di Amministrazione di Lemanik SIM S.p.A.\t\t\t\t\t\t\t\t<\/div>\n\t\t\t\t<\/div>\n\t\t\t\t\t<\/div>\n\t\t<\/div>\n\t\t\t\t\t<\/div>\n\t\t<\/section>\n\t\t\t\t\t<\/div>\n\t\t<\/div>\n\t\t\t\t\t<\/div>\n\t\t<\/section>\n\t\t\t\t<section class=\"elementor-section elementor-top-section elementor-element elementor-element-4c92694 elementor-section-stretched elementor-section-boxed elementor-section-height-default elementor-section-height-default\" data-id=\"4c92694\" data-element_type=\"section\" data-e-type=\"section\" data-settings=\"{&quot;stretch_section&quot;:&quot;section-stretched&quot;}\">\n\t\t\t\t\t\t<div class=\"elementor-container elementor-column-gap-default\">\n\t\t\t\t\t<div class=\"elementor-column elementor-col-100 elementor-top-column elementor-element elementor-element-00d91f2\" data-id=\"00d91f2\" data-element_type=\"column\" data-e-type=\"column\" data-settings=\"{&quot;avante_ext_is_scrollme&quot;:&quot;false&quot;,&quot;avante_ext_is_smoove&quot;:&quot;false&quot;,&quot;avante_ext_is_parallax_mouse&quot;:&quot;false&quot;,&quot;avante_ext_is_infinite&quot;:&quot;false&quot;}\">\n\t\t\t<div class=\"elementor-widget-wrap elementor-element-populated\">\n\t\t\t\t\t\t<div class=\"elementor-element elementor-element-fc8be38 elementor-widget elementor-widget-heading\" data-id=\"fc8be38\" data-element_type=\"widget\" data-e-type=\"widget\" data-settings=\"{&quot;avante_ext_is_smoove&quot;:&quot;true&quot;,&quot;avante_ext_smoove_disable&quot;:&quot;769&quot;,&quot;avante_ext_smoove_duration&quot;:1000,&quot;avante_ext_smoove_rotatex&quot;:{&quot;unit&quot;:&quot;px&quot;,&quot;size&quot;:-90,&quot;sizes&quot;:[]},&quot;avante_ext_smoove_translatey&quot;:{&quot;unit&quot;:&quot;px&quot;,&quot;size&quot;:40,&quot;sizes&quot;:[]},&quot;avante_ext_smoove_scalex&quot;:{&quot;unit&quot;:&quot;px&quot;,&quot;size&quot;:1,&quot;sizes&quot;:[]},&quot;avante_ext_smoove_scaley&quot;:{&quot;unit&quot;:&quot;px&quot;,&quot;size&quot;:1,&quot;sizes&quot;:[]},&quot;avante_ext_smoove_rotatey&quot;:{&quot;unit&quot;:&quot;px&quot;,&quot;size&quot;:0,&quot;sizes&quot;:[]},&quot;avante_ext_smoove_rotatez&quot;:{&quot;unit&quot;:&quot;px&quot;,&quot;size&quot;:0,&quot;sizes&quot;:[]},&quot;avante_ext_smoove_translatex&quot;:{&quot;unit&quot;:&quot;px&quot;,&quot;size&quot;:0,&quot;sizes&quot;:[]},&quot;avante_ext_smoove_translatez&quot;:{&quot;unit&quot;:&quot;px&quot;,&quot;size&quot;:0,&quot;sizes&quot;:[]},&quot;avante_ext_smoove_skewx&quot;:{&quot;unit&quot;:&quot;px&quot;,&quot;size&quot;:0,&quot;sizes&quot;:[]},&quot;avante_ext_smoove_skewy&quot;:{&quot;unit&quot;:&quot;px&quot;,&quot;size&quot;:0,&quot;sizes&quot;:[]},&quot;avante_ext_smoove_perspective&quot;:{&quot;unit&quot;:&quot;px&quot;,&quot;size&quot;:1000,&quot;sizes&quot;:[]},&quot;avante_ext_is_parallax_mouse&quot;:&quot;false&quot;,&quot;avante_ext_is_infinite&quot;:&quot;false&quot;}\" data-widget_type=\"heading.default\">\n\t\t\t\t<div class=\"elementor-widget-container\">\n\t\t\t\t\t<h2 class=\"elementor-heading-title elementor-size-default\">Lemanik SIM S.p.A<\/h2>\t\t\t\t<\/div>\n\t\t\t\t<\/div>\n\t\t\t\t<div class=\"elementor-element elementor-element-3d31ddb elementor-widget elementor-widget-text-editor\" data-id=\"3d31ddb\" data-element_type=\"widget\" data-e-type=\"widget\" data-settings=\"{&quot;avante_ext_is_scrollme&quot;:&quot;false&quot;,&quot;avante_ext_is_smoove&quot;:&quot;false&quot;,&quot;avante_ext_is_parallax_mouse&quot;:&quot;false&quot;,&quot;avante_ext_is_infinite&quot;:&quot;false&quot;}\" data-widget_type=\"text-editor.default\">\n\t\t\t\t<div class=\"elementor-widget-container\">\n\t\t\t\t\t\t\t\t\t<p>Fondata a Milano nel 2023 con l\u2019obiettivo di consolidare il riconoscimento del Gruppo Lemanik e dei suoi prodotti in Italia, Lemanik SIM S.p.A \u00e8 la nuova Societ\u00e0 di investimento italiana del Gruppo, guidata dall\u2019Amministratore Delegato Marco Sagramoso.<\/p><p>In un contesto sempre pi\u00f9 competitivo, Lemanik SIM S.p.A \u00e8 il distributore in EU dei fondi Lemanik Sicav, capaci di distinguersi per efficienza qualitativa, affidabilit\u00e0 della performance e totale indipendenza e flessibilit\u00e0 della gestione, nell\u2019esclusivo interesse dei clienti \u2013 investitori.<\/p><p>Ad oggi Lemanik Sim S.p.A. \u00e8 autorizzata alla distribuzione di Lemanik Sicav in Italia, Spagna, Francia, Germania, Austria e Svezia.<\/p>\t\t\t\t\t\t\t\t<\/div>\n\t\t\t\t<\/div>\n\t\t\t\t<div class=\"elementor-element elementor-element-9a373bc elementor-widget elementor-widget-heading\" data-id=\"9a373bc\" data-element_type=\"widget\" data-e-type=\"widget\" data-settings=\"{&quot;avante_ext_is_smoove&quot;:&quot;true&quot;,&quot;avante_ext_smoove_disable&quot;:&quot;769&quot;,&quot;avante_ext_smoove_duration&quot;:1000,&quot;avante_ext_smoove_translatey&quot;:{&quot;unit&quot;:&quot;px&quot;,&quot;size&quot;:40,&quot;sizes&quot;:[]},&quot;avante_ext_smoove_rotatex&quot;:{&quot;unit&quot;:&quot;px&quot;,&quot;size&quot;:-90,&quot;sizes&quot;:[]},&quot;avante_ext_smoove_scalex&quot;:{&quot;unit&quot;:&quot;px&quot;,&quot;size&quot;:1,&quot;sizes&quot;:[]},&quot;avante_ext_smoove_scaley&quot;:{&quot;unit&quot;:&quot;px&quot;,&quot;size&quot;:1,&quot;sizes&quot;:[]},&quot;avante_ext_smoove_rotatey&quot;:{&quot;unit&quot;:&quot;px&quot;,&quot;size&quot;:0,&quot;sizes&quot;:[]},&quot;avante_ext_smoove_rotatez&quot;:{&quot;unit&quot;:&quot;px&quot;,&quot;size&quot;:0,&quot;sizes&quot;:[]},&quot;avante_ext_smoove_translatex&quot;:{&quot;unit&quot;:&quot;px&quot;,&quot;size&quot;:0,&quot;sizes&quot;:[]},&quot;avante_ext_smoove_translatez&quot;:{&quot;unit&quot;:&quot;px&quot;,&quot;size&quot;:0,&quot;sizes&quot;:[]},&quot;avante_ext_smoove_skewx&quot;:{&quot;unit&quot;:&quot;px&quot;,&quot;size&quot;:0,&quot;sizes&quot;:[]},&quot;avante_ext_smoove_skewy&quot;:{&quot;unit&quot;:&quot;px&quot;,&quot;size&quot;:0,&quot;sizes&quot;:[]},&quot;avante_ext_smoove_perspective&quot;:{&quot;unit&quot;:&quot;px&quot;,&quot;size&quot;:1000,&quot;sizes&quot;:[]},&quot;avante_ext_is_parallax_mouse&quot;:&quot;false&quot;,&quot;avante_ext_is_infinite&quot;:&quot;false&quot;}\" data-widget_type=\"heading.default\">\n\t\t\t\t<div class=\"elementor-widget-container\">\n\t\t\t\t\t<h2 class=\"elementor-heading-title elementor-size-default\">I nostri servizi<\/h2>\t\t\t\t<\/div>\n\t\t\t\t<\/div>\n\t\t\t\t<section class=\"elementor-section elementor-inner-section elementor-element elementor-element-a405493 elementor-section-full_width elementor-section-height-default elementor-section-height-default\" data-id=\"a405493\" data-element_type=\"section\" data-e-type=\"section\">\n\t\t\t\t\t\t<div class=\"elementor-container elementor-column-gap-default\">\n\t\t\t\t\t<div class=\"elementor-column elementor-col-50 elementor-inner-column elementor-element elementor-element-dff1c6d\" data-id=\"dff1c6d\" data-element_type=\"column\" data-e-type=\"column\" data-settings=\"{&quot;avante_ext_is_scrollme&quot;:&quot;false&quot;,&quot;avante_ext_is_smoove&quot;:&quot;false&quot;,&quot;avante_ext_is_parallax_mouse&quot;:&quot;false&quot;,&quot;avante_ext_is_infinite&quot;:&quot;false&quot;}\">\n\t\t\t<div class=\"elementor-widget-wrap elementor-element-populated\">\n\t\t\t\t\t\t<div class=\"elementor-element elementor-element-0426fc7 elementor-widget elementor-widget-text-editor\" data-id=\"0426fc7\" data-element_type=\"widget\" data-e-type=\"widget\" data-settings=\"{&quot;avante_ext_is_scrollme&quot;:&quot;false&quot;,&quot;avante_ext_is_smoove&quot;:&quot;false&quot;,&quot;avante_ext_is_parallax_mouse&quot;:&quot;false&quot;,&quot;avante_ext_is_infinite&quot;:&quot;false&quot;}\" data-widget_type=\"text-editor.default\">\n\t\t\t\t<div class=\"elementor-widget-container\">\n\t\t\t\t\t\t\t\t\t<p><strong>Soluzioni di Investimento<\/strong><\/p>\t\t\t\t\t\t\t\t<\/div>\n\t\t\t\t<\/div>\n\t\t\t\t\t<\/div>\n\t\t<\/div>\n\t\t\t\t<div class=\"elementor-column elementor-col-50 elementor-inner-column elementor-element elementor-element-53c83e1\" data-id=\"53c83e1\" data-element_type=\"column\" data-e-type=\"column\" data-settings=\"{&quot;avante_ext_is_scrollme&quot;:&quot;false&quot;,&quot;avante_ext_is_smoove&quot;:&quot;false&quot;,&quot;avante_ext_is_parallax_mouse&quot;:&quot;false&quot;,&quot;avante_ext_is_infinite&quot;:&quot;false&quot;}\">\n\t\t\t<div class=\"elementor-widget-wrap elementor-element-populated\">\n\t\t\t\t\t\t<div class=\"elementor-element elementor-element-e553142 elementor-align-left elementor-widget elementor-widget-button\" data-id=\"e553142\" data-element_type=\"widget\" data-e-type=\"widget\" data-settings=\"{&quot;avante_ext_is_scrollme&quot;:&quot;false&quot;,&quot;avante_ext_is_smoove&quot;:&quot;false&quot;,&quot;avante_ext_is_parallax_mouse&quot;:&quot;false&quot;,&quot;avante_ext_is_infinite&quot;:&quot;false&quot;}\" data-widget_type=\"button.default\">\n\t\t\t\t<div class=\"elementor-widget-container\">\n\t\t\t\t\t\t\t\t\t<div class=\"elementor-button-wrapper\">\n\t\t\t\t\t<a class=\"elementor-button elementor-button-link elementor-size-sm\" href=\"https:\/\/www.lemanikgroup.com\/it\/investment-solutions\/\" target=\"_blank\">\n\t\t\t\t\t\t<span class=\"elementor-button-content-wrapper\">\n\t\t\t\t\t\t<span class=\"elementor-button-icon\">\n\t\t\t\t<svg xmlns=\"http:\/\/www.w3.org\/2000\/svg\" width=\"22\" height=\"13.938\" viewbox=\"0 0 22 13.938\"><defs><style>.a{fill:#356965;}<\/style><\/defs><path class=\"a\" d=\"M36.971,40a1.173,1.173,0,0,0,.719-.283l5.924-5.576a1.2,1.2,0,0,0,.087-1.525,1.089,1.089,0,0,0-1.525.011l-4.16,3.92v-17.5a1.045,1.045,0,1,0-2.091,0v17.5l-4.16-3.92a1.151,1.151,0,0,0-1.525-.011,1.183,1.183,0,0,0,.087,1.525l5.924,5.576A1.01,1.01,0,0,0,36.97,40Z\" transform=\"translate(-18 43.938) rotate(-90)\"><\/path><\/svg>\t\t\t<\/span>\n\t\t\t\t\t\t\t\t\t<span class=\"elementor-button-text\">Scopri di pi\u00f9<\/span>\n\t\t\t\t\t<\/span>\n\t\t\t\t\t<\/a>\n\t\t\t\t<\/div>\n\t\t\t\t\t\t\t\t<\/div>\n\t\t\t\t<\/div>\n\t\t\t\t\t<\/div>\n\t\t<\/div>\n\t\t\t\t\t<\/div>\n\t\t<\/section>\n\t\t\t\t<div class=\"elementor-element elementor-element-00f74a5 elementor-widget elementor-widget-heading\" data-id=\"00f74a5\" data-element_type=\"widget\" data-e-type=\"widget\" data-settings=\"{&quot;avante_ext_is_smoove&quot;:&quot;true&quot;,&quot;avante_ext_smoove_disable&quot;:&quot;769&quot;,&quot;avante_ext_smoove_duration&quot;:1000,&quot;avante_ext_smoove_translatey&quot;:{&quot;unit&quot;:&quot;px&quot;,&quot;size&quot;:40,&quot;sizes&quot;:[]},&quot;avante_ext_smoove_rotatex&quot;:{&quot;unit&quot;:&quot;px&quot;,&quot;size&quot;:-90,&quot;sizes&quot;:[]},&quot;avante_ext_smoove_scalex&quot;:{&quot;unit&quot;:&quot;px&quot;,&quot;size&quot;:1,&quot;sizes&quot;:[]},&quot;avante_ext_smoove_scaley&quot;:{&quot;unit&quot;:&quot;px&quot;,&quot;size&quot;:1,&quot;sizes&quot;:[]},&quot;avante_ext_smoove_rotatey&quot;:{&quot;unit&quot;:&quot;px&quot;,&quot;size&quot;:0,&quot;sizes&quot;:[]},&quot;avante_ext_smoove_rotatez&quot;:{&quot;unit&quot;:&quot;px&quot;,&quot;size&quot;:0,&quot;sizes&quot;:[]},&quot;avante_ext_smoove_translatex&quot;:{&quot;unit&quot;:&quot;px&quot;,&quot;size&quot;:0,&quot;sizes&quot;:[]},&quot;avante_ext_smoove_translatez&quot;:{&quot;unit&quot;:&quot;px&quot;,&quot;size&quot;:0,&quot;sizes&quot;:[]},&quot;avante_ext_smoove_skewx&quot;:{&quot;unit&quot;:&quot;px&quot;,&quot;size&quot;:0,&quot;sizes&quot;:[]},&quot;avante_ext_smoove_skewy&quot;:{&quot;unit&quot;:&quot;px&quot;,&quot;size&quot;:0,&quot;sizes&quot;:[]},&quot;avante_ext_smoove_perspective&quot;:{&quot;unit&quot;:&quot;px&quot;,&quot;size&quot;:1000,&quot;sizes&quot;:[]},&quot;avante_ext_is_parallax_mouse&quot;:&quot;false&quot;,&quot;avante_ext_is_infinite&quot;:&quot;false&quot;}\" data-widget_type=\"heading.default\">\n\t\t\t\t<div class=\"elementor-widget-container\">\n\t\t\t\t\t<h2 class=\"elementor-heading-title elementor-size-default\">Consiglio di Amministrazione<\/h2>\t\t\t\t<\/div>\n\t\t\t\t<\/div>\n\t\t\t\t<div class=\"elementor-element elementor-element-4c252f3 elementor-widget elementor-widget-text-editor\" data-id=\"4c252f3\" data-element_type=\"widget\" data-e-type=\"widget\" data-settings=\"{&quot;avante_ext_is_scrollme&quot;:&quot;false&quot;,&quot;avante_ext_is_smoove&quot;:&quot;false&quot;,&quot;avante_ext_is_parallax_mouse&quot;:&quot;false&quot;,&quot;avante_ext_is_infinite&quot;:&quot;false&quot;}\" data-widget_type=\"text-editor.default\">\n\t\t\t\t<div class=\"elementor-widget-container\">\n\t\t\t\t\t\t\t\t\t<ul>\n<li><strong>Gianantonio Thun Hohenstein<\/strong><\/li>\n<li><strong>Marco Ippolito Sagramoso<\/strong><\/li>\n<li><strong>Gilberto Ambrogio Arnaldo Comi<\/strong><\/li>\n<li><strong>Michele Maria Palamede Sagramoso<\/strong><\/li>\n<li><strong>Elisabetta Maria Giuseppina Raffaella Sagramoso<\/strong><\/li>\n<li><strong>Philippe Meloni<\/strong><\/li>\n<li><strong>Giuseppe Rosnati<\/strong><\/li>\n<\/ul>\t\t\t\t\t\t\t\t<\/div>\n\t\t\t\t<\/div>\n\t\t\t\t<div class=\"elementor-element elementor-element-e1e3028 elementor-widget elementor-widget-heading\" data-id=\"e1e3028\" data-element_type=\"widget\" data-e-type=\"widget\" data-settings=\"{&quot;avante_ext_is_smoove&quot;:&quot;true&quot;,&quot;avante_ext_smoove_disable&quot;:&quot;769&quot;,&quot;avante_ext_smoove_duration&quot;:1000,&quot;avante_ext_smoove_translatey&quot;:{&quot;unit&quot;:&quot;px&quot;,&quot;size&quot;:40,&quot;sizes&quot;:[]},&quot;avante_ext_smoove_rotatex&quot;:{&quot;unit&quot;:&quot;px&quot;,&quot;size&quot;:-90,&quot;sizes&quot;:[]},&quot;avante_ext_smoove_scalex&quot;:{&quot;unit&quot;:&quot;px&quot;,&quot;size&quot;:1,&quot;sizes&quot;:[]},&quot;avante_ext_smoove_scaley&quot;:{&quot;unit&quot;:&quot;px&quot;,&quot;size&quot;:1,&quot;sizes&quot;:[]},&quot;avante_ext_smoove_rotatey&quot;:{&quot;unit&quot;:&quot;px&quot;,&quot;size&quot;:0,&quot;sizes&quot;:[]},&quot;avante_ext_smoove_rotatez&quot;:{&quot;unit&quot;:&quot;px&quot;,&quot;size&quot;:0,&quot;sizes&quot;:[]},&quot;avante_ext_smoove_translatex&quot;:{&quot;unit&quot;:&quot;px&quot;,&quot;size&quot;:0,&quot;sizes&quot;:[]},&quot;avante_ext_smoove_translatez&quot;:{&quot;unit&quot;:&quot;px&quot;,&quot;size&quot;:0,&quot;sizes&quot;:[]},&quot;avante_ext_smoove_skewx&quot;:{&quot;unit&quot;:&quot;px&quot;,&quot;size&quot;:0,&quot;sizes&quot;:[]},&quot;avante_ext_smoove_skewy&quot;:{&quot;unit&quot;:&quot;px&quot;,&quot;size&quot;:0,&quot;sizes&quot;:[]},&quot;avante_ext_smoove_perspective&quot;:{&quot;unit&quot;:&quot;px&quot;,&quot;size&quot;:1000,&quot;sizes&quot;:[]},&quot;avante_ext_is_parallax_mouse&quot;:&quot;false&quot;,&quot;avante_ext_is_infinite&quot;:&quot;false&quot;}\" data-widget_type=\"heading.default\">\n\t\t\t\t<div class=\"elementor-widget-container\">\n\t\t\t\t\t<h2 class=\"elementor-heading-title elementor-size-default\">Management Team<\/h2>\t\t\t\t<\/div>\n\t\t\t\t<\/div>\n\t\t\t\t<div class=\"elementor-element elementor-element-881074d elementor-widget elementor-widget-shortcode\" data-id=\"881074d\" data-element_type=\"widget\" data-e-type=\"widget\" data-settings=\"{&quot;avante_ext_is_scrollme&quot;:&quot;false&quot;,&quot;avante_ext_is_smoove&quot;:&quot;false&quot;,&quot;avante_ext_is_parallax_mouse&quot;:&quot;false&quot;,&quot;avante_ext_is_infinite&quot;:&quot;false&quot;}\" data-widget_type=\"shortcode.default\">\n\t\t\t\t<div class=\"elementor-widget-container\">\n\t\t\t\t\t\t\t<div class=\"elementor-shortcode\">    <div class=\"lemanik_all_fund_managers portfolio_managment row gx-5\">\n          <div class=\"single_portfolio_managment col-md-4\">\n        <div class=\"max-width-400 m-auto\">\n          <img decoding=\"async\" src=\"https:\/\/www.lemanikgroup.com\/wp-content\/uploads\/2024\/01\/Marco-Sagramoso-scaled-e1706700655272.jpg\" alt=\"Fund Manager\" class=\"portfolio_managment_img\">\n          <h2 class=\"portfolio_managment_title\"><a href=\"https:\/\/www.lemanikgroup.com\/it\/fund-manager\/marco-sagramoso-2-3\/\">Marco Sagramoso<\/a><\/h2>\n          <div class=\"portfolio_managment_desc\"><p>Marco Sagramoso \u00e8 laureato in Ingegneria Industriale e ha conseguito un Master in Finanza Aziendale. \u00c8 entrato nel Gruppo Lemanik nel 1997 ricoprendo diverse posizioni dirigenziali.<br \/>\nPrecedentemente membro del managing board di Lemanik SA, oggi \u00e8 Amministratore Delegato della nuova Societ\u00e0 di Investimento del Gruppo Lemanik SIM S.p.A.<\/p>\n<\/div>\n\t\t  <div class=\"portfolio_managment_link\"><a href=\"https:\/\/www.lemanikgroup.com\/it\/fund-manager\/marco-sagramoso-2-3\/\">Scopri di pi\u00f9 <img decoding=\"async\" src=\"\/wp-content\/uploads\/2021\/02\/np_arrow_1558216_000000.svg\" alt=\"arrow right\" \/><\/a><\/div>\n        <\/div>\n      <\/div>\n            <div class=\"single_portfolio_managment col-md-4\">\n        <div class=\"max-width-400 m-auto\">\n          <img decoding=\"async\" src=\"https:\/\/www.lemanikgroup.com\/wp-content\/uploads\/2023\/02\/01203711-scaled-e1706701027520.jpg\" alt=\"Fund Manager\" class=\"portfolio_managment_img\">\n          <h2 class=\"portfolio_managment_title\"><a href=\"https:\/\/www.lemanikgroup.com\/it\/fund-manager\/emilio-foglia-3\/\">Emilio Foglia<\/a><\/h2>\n          <div class=\"portfolio_managment_desc\"><p>Emilio Foglia ha lavorato per 15 anni nel settore dell'investment banking (Akros, Intesa, Bankers Trust, Deutsche Bank, SocGen) sia in Italia che nel Regno Unito. Successivamente \u00e8 passato al settore del risparmio gestito dove opera dal 2003. Attualmente \u00e8 Responsabile del Collocamento dei comparti di Lemanik Sicav in Italia per Lemanik SIM S.p.A.<\/p>\n<\/div>\n\t\t  <div class=\"portfolio_managment_link\"><a href=\"https:\/\/www.lemanikgroup.com\/it\/fund-manager\/emilio-foglia-3\/\">Scopri di pi\u00f9 <img decoding=\"async\" src=\"\/wp-content\/uploads\/2021\/02\/np_arrow_1558216_000000.svg\" alt=\"arrow right\" \/><\/a><\/div>\n        <\/div>\n      <\/div>\n            <div class=\"single_portfolio_managment col-md-4\">\n        <div class=\"max-width-400 m-auto\">\n          <img decoding=\"async\" src=\"https:\/\/www.lemanikgroup.com\/wp-content\/uploads\/2024\/01\/Laura-Mascetti-scaled-e1706700481405.jpg\" alt=\"Fund Manager\" class=\"portfolio_managment_img\">\n          <h2 class=\"portfolio_managment_title\"><a href=\"https:\/\/www.lemanikgroup.com\/it\/fund-manager\/laura-mascetti\/\">Laura Mascetti<\/a><\/h2>\n          <div class=\"portfolio_managment_desc\"><p>Dopo un master in economia con indirizzo manageriale, all\u2019inizio del 2011 Laura Mascetti inizia a lavorare in Lemanik nel settore marketing e comunicazione per diventare poi responsabile market &amp; fund data. Dal 2023 \u00e8 Responsabile Amministrazione ed Operations di Lemanik SIM S.p.A.<\/p>\n<\/div>\n\t\t  <div class=\"portfolio_managment_link\"><a href=\"https:\/\/www.lemanikgroup.com\/it\/fund-manager\/laura-mascetti\/\">Scopri di pi\u00f9 <img decoding=\"async\" src=\"\/wp-content\/uploads\/2021\/02\/np_arrow_1558216_000000.svg\" alt=\"arrow right\" \/><\/a><\/div>\n        <\/div>\n      <\/div>\n          <\/div>\n    <\/div>\n\t\t\t\t\t\t<\/div>\n\t\t\t\t<\/div>\n\t\t\t\t<section class=\"elementor-section elementor-inner-section elementor-element elementor-element-16cfeb3 elementor-section-full_width elementor-section-height-default elementor-section-height-default\" data-id=\"16cfeb3\" data-element_type=\"section\" data-e-type=\"section\">\n\t\t\t\t\t\t<div class=\"elementor-container elementor-column-gap-default\">\n\t\t\t\t\t<div class=\"elementor-column elementor-col-100 elementor-inner-column elementor-element elementor-element-4e61157\" data-id=\"4e61157\" data-element_type=\"column\" data-e-type=\"column\" data-settings=\"{&quot;avante_ext_is_scrollme&quot;:&quot;false&quot;,&quot;avante_ext_is_smoove&quot;:&quot;false&quot;,&quot;avante_ext_is_parallax_mouse&quot;:&quot;false&quot;,&quot;avante_ext_is_infinite&quot;:&quot;false&quot;}\">\n\t\t\t<div class=\"elementor-widget-wrap\">\n\t\t\t\t\t\t\t<\/div>\n\t\t<\/div>\n\t\t\t\t\t<\/div>\n\t\t<\/section>\n\t\t\t\t\t<\/div>\n\t\t<\/div>\n\t\t\t\t\t<\/div>\n\t\t<\/section>\n\t\t\t\t<\/div>","protected":false},"excerpt":{"rendered":"<p>Lemanik SIM S.p.A The relentless quest of excellence for investment solutions. Meet the Lemanik SIM S.p.A Board of Directors here. [&hellip;]<\/p>\n","protected":false},"author":14,"featured_media":0,"parent":0,"menu_order":0,"comment_status":"closed","ping_status":"closed","template":"","meta":{"footnotes":""},"class_list":["post-19111","page","type-page","status-publish","hentry"],"_links":{"self":[{"href":"https:\/\/www.lemanikgroup.com\/it\/wp-json\/wp\/v2\/pages\/19111","targetHints":{"allow":["GET"]}}],"collection":[{"href":"https:\/\/www.lemanikgroup.com\/it\/wp-json\/wp\/v2\/pages"}],"about":[{"href":"https:\/\/www.lemanikgroup.com\/it\/wp-json\/wp\/v2\/types\/page"}],"author":[{"embeddable":true,"href":"https:\/\/www.lemanikgroup.com\/it\/wp-json\/wp\/v2\/users\/14"}],"replies":[{"embeddable":true,"href":"https:\/\/www.lemanikgroup.com\/it\/wp-json\/wp\/v2\/comments?post=19111"}],"version-history":[{"count":8,"href":"https:\/\/www.lemanikgroup.com\/it\/wp-json\/wp\/v2\/pages\/19111\/revisions"}],"predecessor-version":[{"id":19412,"href":"https:\/\/www.lemanikgroup.com\/it\/wp-json\/wp\/v2\/pages\/19111\/revisions\/19412"}],"wp:attachment":[{"href":"https:\/\/www.lemanikgroup.com\/it\/wp-json\/wp\/v2\/media?parent=19111"}],"curies":[{"name":"wp","href":"https:\/\/api.w.org\/{rel}","templated":true}]}}